{"id":1340,"date":"2024-04-30T06:20:55","date_gmt":"2024-04-30T06:20:55","guid":{"rendered":"https:\/\/omd-e2b.com\/impressum\/"},"modified":"2024-07-04T10:01:19","modified_gmt":"2024-07-04T10:01:19","slug":"imprint","status":"publish","type":"page","link":"https:\/\/omd-e2b.com\/en\/imprint\/","title":{"rendered":"Imprint"},"content":{"rendered":"<div class=\"wpb-content-wrapper\"><p>[vc_row][vc_column][vc_custom_heading heading_semantic=&#8221;h1&#8243; text_font=&#8221;font-playfair&#8221; text_size=&#8221;h1&#8243; uncode_shortcode_id=&#8221;411546&#8243;]OMNICOM Media Group Germany GmbH[\/vc_custom_heading][vc_column_text uncode_shortcode_id=&#8221;719634&#8243;]<\/p>\n<h3>Gesch\u00e4ftsf\u00fchrung:<\/h3>\n<p>Paul Remitz (CEO)<br \/>\nChristian Fourmont (CFO)<br \/>\nPeter Kuhlmann (COO)<br \/>\nFrank Ziegler (CIO)<br \/>\nSascha Jansen (CDO)<\/p>\n<h3>Verantwortlich f\u00fcr die Seiten i.S.d.P.:<\/h3>\n<p>Alexandra Baetjer-Gleitsmann<\/p>\n<p>Handelsregister: D\u00fcsseldorf, HRB 34168<br \/>\nUst-IdNr.: DE 186.239.313<br \/>\nAnschrift: Gr\u00fcnstra\u00dfe 15 40212 D\u00fcsseldorf<br \/>\nE-Mail: <a href=\"mailto:alexandra.baetjer-gleitsmann@omd.com\">alexandra.baetjer-gleitsmann@omd.com<\/a><\/p>\n<p>Telefon: 0211 \u2013 388 07 \u2013 0<br \/>\nTelefax: 0211 \u2013 388 07 \u2013 432<\/p>\n<h3>Hinweis:<\/h3>\n<p>Alle Rechte vorbehalten. Alle Daten innerhalb dieser Domain\/Site sind urheberrechtlich gesch\u00fctzt und d\u00fcrfen nicht ohne Zustimmung der Rechteinhaber verwendet werden. Links auf diese Site d\u00fcrfen nur auf die Startseite erfolgen, die Wiedergabe enthaltener Informationen \u2013 mit Ausnahme von Pressemitteilungen und darin bereitgestellter Daten\/Bilder \u2013 innerhalb anderer Sites oder Medien ist ohne vorherige ausdr\u00fcckliche Genehmigung nicht gestattet.<\/p>\n<h3>Haftungsausschluss:<\/h3>\n<p>Der Herausgeber \u00fcbernimmt keinerlei Gew\u00e4hr f\u00fcr die Aktualit\u00e4t, Korrektheit, Vollst\u00e4ndigkeit oder Qualit\u00e4t der bereitgestellten Informationen. Haftungsanspr\u00fcche gegen den Herausgeber, die sich auf Sch\u00e4den materieller oder ideeller Art beziehen, welche durch die Nutzung oder Nichtnutzung der dargebotenen Informationen bzw. durch die Nutzung fehlerhafter und unvollst\u00e4ndiger Informationen verursacht wurden sind grunds\u00e4tzlich ausgeschlossen, sofern seitens des Herausgebers kein nachweislich vors\u00e4tzliches oder grob fahrl\u00e4ssiges Verschulden vorliegt.[\/vc_column_text][\/vc_column][\/vc_row]<\/p>\n<\/div>","protected":false},"excerpt":{"rendered":"<p>[vc_row][vc_column][vc_custom_heading heading_semantic=&#8221;h1&#8243; text_font=&#8221;font-playfair&#8221; text_size=&#8221;h1&#8243; uncode_shortcode_id=&#8221;411546&#8243;]OMNICOM Media Group Germany GmbH[\/vc_custom_heading][vc_column_text uncode_shortcode_id=&#8221;719634&#8243;] Gesch\u00e4ftsf\u00fchrung: Paul Remitz (CEO) Christian Fourmont (CFO) Peter Kuhlmann (COO) [&hellip;]<\/p>\n","protected":false},"author":1,"featured_media":0,"parent":0,"menu_order":9999,"comment_status":"closed","ping_status":"closed","template":"","meta":{"footnotes":""},"class_list":["post-1340","page","type-page","status-publish","hentry"],"featured_image_src":null,"featured_image_src_square":null,"_links":{"self":[{"href":"https:\/\/omd-e2b.com\/en\/wp-json\/wp\/v2\/pages\/1340","targetHints":{"allow":["GET"]}}],"collection":[{"href":"https:\/\/omd-e2b.com\/en\/wp-json\/wp\/v2\/pages"}],"about":[{"href":"https:\/\/omd-e2b.com\/en\/wp-json\/wp\/v2\/types\/page"}],"author":[{"embeddable":true,"href":"https:\/\/omd-e2b.com\/en\/wp-json\/wp\/v2\/users\/1"}],"replies":[{"embeddable":true,"href":"https:\/\/omd-e2b.com\/en\/wp-json\/wp\/v2\/comments?post=1340"}],"version-history":[{"count":0,"href":"https:\/\/omd-e2b.com\/en\/wp-json\/wp\/v2\/pages\/1340\/revisions"}],"wp:attachment":[{"href":"https:\/\/omd-e2b.com\/en\/wp-json\/wp\/v2\/media?parent=1340"}],"curies":[{"name":"wp","href":"https:\/\/api.w.org\/{rel}","templated":true}]}}